

{"id":171,"date":"2026-03-29T04:41:41","date_gmt":"2026-03-29T04:41:41","guid":{"rendered":"https:\/\/smartsperu.com\/?page_id=171"},"modified":"2026-03-31T01:51:55","modified_gmt":"2026-03-31T01:51:55","slug":"contacto","status":"publish","type":"page","link":"https:\/\/smartsperu.com\/index.php\/contacto\/","title":{"rendered":"CONTACTO"},"content":{"rendered":"\n<p class=\"has-text-align-center\">Solicita tu asesor\u00eda gratuita y recibe una propuesta adaptada a las necesidades de tu negocio.<\/p>\n\n\n\n<p><\/p>\n\n\n\n<div class=\"wp-block-uagb-buttons uagb-buttons__outer-wrap uagb-btn__default-btn uagb-btn-tablet__default-btn uagb-btn-mobile__default-btn uagb-block-16e65ecb\"><div class=\"uagb-buttons__wrap uagb-buttons-layout-wrap \">\n<div class=\"wp-block-uagb-buttons-child uagb-buttons__outer-wrap uagb-block-10a07790 wp-block-button\"><div class=\"uagb-button__wrapper\"><a class=\"uagb-buttons-repeater wp-block-button__link\" aria-label=\"\" href=\"#\" rel=\"follow noopener\" target=\"_self\" role=\"button\"><div class=\"uagb-button__link\">Solicitar asesor\u00eda<\/div><\/a><\/div><\/div>\n<\/div><\/div>\n\n\n\n<div class=\"wp-block-uagb-forms uagb-forms__outer-wrap uagb-block-2c45bf3e uagb-forms__medium-btn\"><form class=\"uagb-forms-main-form\" method=\"post\" autocomplete=\"on\" name=\"uagb-form-2c45bf3e\">\n<div class=\"wp-block-uagb-forms-name uagb-forms-name-wrap uagb-forms-field-set uagb-block-e4d845c6\"><div class=\"uagb-forms-name-label required uagb-forms-input-label\" id=\"e4d845c6\">First Name<\/div><input type=\"text\" placeholder=\"John\" required class=\"uagb-forms-name-input uagb-forms-input\" name=\"e4d845c6\" autocomplete=\"given-name\"\/><\/div>\n\n\n\n<div class=\"wp-block-uagb-forms-name uagb-forms-name-wrap uagb-forms-field-set uagb-block-16011abf\"><div class=\"uagb-forms-name-label required uagb-forms-input-label\" id=\"16011abf\">Last Name<\/div><input type=\"text\" placeholder=\"Doe\" required class=\"uagb-forms-name-input uagb-forms-input\" name=\"16011abf\" autocomplete=\"family-name\"\/><\/div>\n\n\n\n<div class=\"wp-block-uagb-forms-email uagb-forms-email-wrap uagb-forms-field-set uagb-block-54504cb9\"><div class=\"uagb-forms-email-label  uagb-forms-input-label\" id=\"54504cb9\">Email<\/div><input type=\"email\" class=\"uagb-forms-email-input uagb-forms-input\" placeholder=\"example@mail.com\" name=\"54504cb9\" autocomplete=\"email\"\/><\/div>\n\n\n\n<div class=\"wp-block-uagb-forms-textarea uagb-forms-textarea-wrap uagb-forms-field-set uagb-block-df92d7a5\"><div class=\"uagb-forms-textarea-label required uagb-forms-input-label\" id=\"df92d7a5\">Message<\/div><textarea required class=\"uagb-forms-textarea-input uagb-forms-input\" rows=\"4\" placeholder=\"Enter your message\" name=\"df92d7a5\" autocomplete=\"off\"><\/textarea><\/div>\n<div class=\"uagb-forms-form-hidden-data\"><input type=\"hidden\" class=\"uagb_forms_form_label\" value=\"Spectra Form\"\/><input type=\"hidden\" class=\"uagb_forms_form_id\" value=\"uagb-form-2c45bf3e\"\/><\/div><div class=\"uagb-form-reacaptcha-error-2c45bf3e\"><\/div><div class=\"uagb-forms-main-submit-button-wrap wp-block-button\"><button class=\"uagb-forms-main-submit-button wp-block-button__link\"><div class=\"uagb-forms-main-submit-button-text\">Enviar<\/div><\/button><\/div><\/form><div class=\"uagb-forms-success-message-2c45bf3e uagb-forms-submit-message-hide\"><span>The form has been submitted successfully!<\/span><\/div><div class=\"uagb-forms-failed-message-2c45bf3e uagb-forms-submit-message-hide\"><span>There has been some error while submitting the form. Please verify all form fields again.<\/span><\/div><\/div>\n\n\n\n<p><\/p>\n","protected":false},"excerpt":{"rendered":"<p>Solicita tu asesor\u00eda gratuita y recibe una propuesta adaptada a las necesidades de tu negocio.<\/p>\n","protected":false},"author":1,"featured_media":0,"parent":0,"menu_order":0,"comment_status":"closed","ping_status":"closed","template":"","meta":{"_uag_custom_page_level_css":"","footnotes":""},"class_list":["post-171","page","type-page","status-publish","hentry"],"blocksy_meta":[],"yoast_head":"<!-- This site is optimized with the Yoast SEO plugin v27.2 - https:\/\/yoast.com\/product\/yoast-seo-wordpress\/ -->\n<title>CONTACTO - SOLUCIONES TECNOL\u00d3GICAS PARA EMPRESAS BASADAS EN INGENIER\u00cdA DE SISTEMAS<\/title>\n<meta name=\"robots\" content=\"noindex, follow, max-snippet:-1, max-image-preview:large, max-video-preview:-1\" \/>\n<meta property=\"og:locale\" content=\"en_US\" \/>\n<meta property=\"og:type\" content=\"article\" \/>\n<meta property=\"og:title\" content=\"CONTACTO - SOLUCIONES TECNOL\u00d3GICAS PARA EMPRESAS BASADAS EN INGENIER\u00cdA DE SISTEMAS\" \/>\n<meta property=\"og:description\" content=\"Solicita tu asesor\u00eda gratuita y recibe una propuesta adaptada a las necesidades de tu negocio.\" \/>\n<meta property=\"og:url\" content=\"https:\/\/smartsperu.com\/index.php\/contacto\/\" \/>\n<meta property=\"og:site_name\" content=\"SOLUCIONES TECNOL\u00d3GICAS PARA EMPRESAS BASADAS EN INGENIER\u00cdA DE SISTEMAS\" \/>\n<meta property=\"article:publisher\" content=\"https:\/\/www.facebook.com\/smartsicuani\/\" \/>\n<meta property=\"article:modified_time\" content=\"2026-03-31T01:51:55+00:00\" \/>\n<meta name=\"twitter:card\" content=\"summary_large_image\" \/>\n<meta name=\"twitter:label1\" content=\"Est. reading time\" \/>\n\t<meta name=\"twitter:data1\" content=\"1 minute\" \/>\n<script type=\"application\/ld+json\" class=\"yoast-schema-graph\">{\"@context\":\"https:\/\/schema.org\",\"@graph\":[{\"@type\":\"WebPage\",\"@id\":\"https:\/\/smartsperu.com\/index.php\/contacto\/\",\"url\":\"https:\/\/smartsperu.com\/index.php\/contacto\/\",\"name\":\"CONTACTO - SOLUCIONES TECNOL\u00d3GICAS PARA EMPRESAS BASADAS EN INGENIER\u00cdA DE SISTEMAS\",\"isPartOf\":{\"@id\":\"https:\/\/smartsperu.com\/#website\"},\"datePublished\":\"2026-03-29T04:41:41+00:00\",\"dateModified\":\"2026-03-31T01:51:55+00:00\",\"breadcrumb\":{\"@id\":\"https:\/\/smartsperu.com\/index.php\/contacto\/#breadcrumb\"},\"inLanguage\":\"en-US\",\"potentialAction\":[{\"@type\":\"ReadAction\",\"target\":[\"https:\/\/smartsperu.com\/index.php\/contacto\/\"]}]},{\"@type\":\"BreadcrumbList\",\"@id\":\"https:\/\/smartsperu.com\/index.php\/contacto\/#breadcrumb\",\"itemListElement\":[{\"@type\":\"ListItem\",\"position\":1,\"name\":\"Home\",\"item\":\"https:\/\/smartsperu.com\/\"},{\"@type\":\"ListItem\",\"position\":2,\"name\":\"CONTACTO\"}]},{\"@type\":\"WebSite\",\"@id\":\"https:\/\/smartsperu.com\/#website\",\"url\":\"https:\/\/smartsperu.com\/\",\"name\":\"SMARTPERU 2026\",\"description\":\"Optimiza procesos, automatiza tu negocio y mejora tu productividad con soluciones tecnol\u00f3gicas profesionales.\",\"publisher\":{\"@id\":\"https:\/\/smartsperu.com\/#organization\"},\"potentialAction\":[{\"@type\":\"SearchAction\",\"target\":{\"@type\":\"EntryPoint\",\"urlTemplate\":\"https:\/\/smartsperu.com\/?s={search_term_string}\"},\"query-input\":{\"@type\":\"PropertyValueSpecification\",\"valueRequired\":true,\"valueName\":\"search_term_string\"}}],\"inLanguage\":\"en-US\"},{\"@type\":\"Organization\",\"@id\":\"https:\/\/smartsperu.com\/#organization\",\"name\":\"SMARTPERU 2026\",\"url\":\"https:\/\/smartsperu.com\/\",\"logo\":{\"@type\":\"ImageObject\",\"inLanguage\":\"en-US\",\"@id\":\"https:\/\/smartsperu.com\/#\/schema\/logo\/image\/\",\"url\":\"https:\/\/smartsperu.com\/wp-content\/uploads\/2026\/03\/Tu-traje-tu-historia-nuestro-bordado1.png\",\"contentUrl\":\"https:\/\/smartsperu.com\/wp-content\/uploads\/2026\/03\/Tu-traje-tu-historia-nuestro-bordado1.png\",\"width\":700,\"height\":300,\"caption\":\"SMARTPERU 2026\"},\"image\":{\"@id\":\"https:\/\/smartsperu.com\/#\/schema\/logo\/image\/\"},\"sameAs\":[\"https:\/\/www.facebook.com\/smartsicuani\/\"]}]}<\/script>\n<!-- \/ Yoast SEO plugin. -->","yoast_head_json":{"title":"CONTACTO - SOLUCIONES TECNOL\u00d3GICAS PARA EMPRESAS BASADAS EN INGENIER\u00cdA DE SISTEMAS","robots":{"index":"noindex","follow":"follow","max-snippet":"max-snippet:-1","max-image-preview":"max-image-preview:large","max-video-preview":"max-video-preview:-1"},"og_locale":"en_US","og_type":"article","og_title":"CONTACTO - SOLUCIONES TECNOL\u00d3GICAS PARA EMPRESAS BASADAS EN INGENIER\u00cdA DE SISTEMAS","og_description":"Solicita tu asesor\u00eda gratuita y recibe una propuesta adaptada a las necesidades de tu negocio.","og_url":"https:\/\/smartsperu.com\/index.php\/contacto\/","og_site_name":"SOLUCIONES TECNOL\u00d3GICAS PARA EMPRESAS BASADAS EN INGENIER\u00cdA DE SISTEMAS","article_publisher":"https:\/\/www.facebook.com\/smartsicuani\/","article_modified_time":"2026-03-31T01:51:55+00:00","twitter_card":"summary_large_image","twitter_misc":{"Est. reading time":"1 minute"},"schema":{"@context":"https:\/\/schema.org","@graph":[{"@type":"WebPage","@id":"https:\/\/smartsperu.com\/index.php\/contacto\/","url":"https:\/\/smartsperu.com\/index.php\/contacto\/","name":"CONTACTO - SOLUCIONES TECNOL\u00d3GICAS PARA EMPRESAS BASADAS EN INGENIER\u00cdA DE SISTEMAS","isPartOf":{"@id":"https:\/\/smartsperu.com\/#website"},"datePublished":"2026-03-29T04:41:41+00:00","dateModified":"2026-03-31T01:51:55+00:00","breadcrumb":{"@id":"https:\/\/smartsperu.com\/index.php\/contacto\/#breadcrumb"},"inLanguage":"en-US","potentialAction":[{"@type":"ReadAction","target":["https:\/\/smartsperu.com\/index.php\/contacto\/"]}]},{"@type":"BreadcrumbList","@id":"https:\/\/smartsperu.com\/index.php\/contacto\/#breadcrumb","itemListElement":[{"@type":"ListItem","position":1,"name":"Home","item":"https:\/\/smartsperu.com\/"},{"@type":"ListItem","position":2,"name":"CONTACTO"}]},{"@type":"WebSite","@id":"https:\/\/smartsperu.com\/#website","url":"https:\/\/smartsperu.com\/","name":"SMARTPERU 2026","description":"Optimiza procesos, automatiza tu negocio y mejora tu productividad con soluciones tecnol\u00f3gicas profesionales.","publisher":{"@id":"https:\/\/smartsperu.com\/#organization"},"potentialAction":[{"@type":"SearchAction","target":{"@type":"EntryPoint","urlTemplate":"https:\/\/smartsperu.com\/?s={search_term_string}"},"query-input":{"@type":"PropertyValueSpecification","valueRequired":true,"valueName":"search_term_string"}}],"inLanguage":"en-US"},{"@type":"Organization","@id":"https:\/\/smartsperu.com\/#organization","name":"SMARTPERU 2026","url":"https:\/\/smartsperu.com\/","logo":{"@type":"ImageObject","inLanguage":"en-US","@id":"https:\/\/smartsperu.com\/#\/schema\/logo\/image\/","url":"https:\/\/smartsperu.com\/wp-content\/uploads\/2026\/03\/Tu-traje-tu-historia-nuestro-bordado1.png","contentUrl":"https:\/\/smartsperu.com\/wp-content\/uploads\/2026\/03\/Tu-traje-tu-historia-nuestro-bordado1.png","width":700,"height":300,"caption":"SMARTPERU 2026"},"image":{"@id":"https:\/\/smartsperu.com\/#\/schema\/logo\/image\/"},"sameAs":["https:\/\/www.facebook.com\/smartsicuani\/"]}]}},"uagb_featured_image_src":{"full":false,"thumbnail":false,"medium":false,"medium_large":false,"large":false,"1536x1536":false,"2048x2048":false},"uagb_author_info":{"display_name":"SMARTPERU","author_link":"https:\/\/smartsperu.com\/index.php\/author\/smartperu\/"},"uagb_comment_info":0,"uagb_excerpt":"Solicita tu asesor\u00eda gratuita y recibe una propuesta adaptada a las necesidades de tu negocio.","_links":{"self":[{"href":"https:\/\/smartsperu.com\/index.php\/wp-json\/wp\/v2\/pages\/171","targetHints":{"allow":["GET"]}}],"collection":[{"href":"https:\/\/smartsperu.com\/index.php\/wp-json\/wp\/v2\/pages"}],"about":[{"href":"https:\/\/smartsperu.com\/index.php\/wp-json\/wp\/v2\/types\/page"}],"author":[{"embeddable":true,"href":"https:\/\/smartsperu.com\/index.php\/wp-json\/wp\/v2\/users\/1"}],"replies":[{"embeddable":true,"href":"https:\/\/smartsperu.com\/index.php\/wp-json\/wp\/v2\/comments?post=171"}],"version-history":[{"count":2,"href":"https:\/\/smartsperu.com\/index.php\/wp-json\/wp\/v2\/pages\/171\/revisions"}],"predecessor-version":[{"id":250,"href":"https:\/\/smartsperu.com\/index.php\/wp-json\/wp\/v2\/pages\/171\/revisions\/250"}],"wp:attachment":[{"href":"https:\/\/smartsperu.com\/index.php\/wp-json\/wp\/v2\/media?parent=171"}],"curies":[{"name":"wp","href":"https:\/\/api.w.org\/{rel}","templated":true}]}}