

{"id":167,"date":"2026-03-29T04:34:39","date_gmt":"2026-03-29T04:34:39","guid":{"rendered":"https:\/\/smartsperu.com\/?page_id=167"},"modified":"2026-03-31T01:48:40","modified_gmt":"2026-03-31T01:48:40","slug":"nosotros","status":"publish","type":"page","link":"https:\/\/smartsperu.com\/index.php\/nosotros\/","title":{"rendered":"NOSOTROS"},"content":{"rendered":"\n<p><\/p>\n\n\n\n<p>Somos especialistas en soluciones tecnol\u00f3gicas empresariales, enfocados en optimizar procesos mediante ingenier\u00eda de sistemas y soporte t\u00e9cnico profesional.<\/p>\n\n\n\n<div class=\"wp-block-uagb-info-box uagb-block-aa151010 uagb-infobox__content-wrap  uagb-infobox-icon-above-title uagb-infobox-image-valign-top\"><div class=\"uagb-ifb-content\"><div class=\"uagb-ifb-icon-wrap\"><svg xmlns=\"https:\/\/www.w3.org\/2000\/svg\" viewBox=\"0 0 576 512\"><path d=\"M144.3 32.04C106.9 31.29 63.7 41.44 18.6 61.29c-11.42 5.026-18.6 16.67-18.6 29.15l0 357.6c0 11.55 11.99 19.55 22.45 14.65c126.3-59.14 219.8 11 223.8 14.01C249.1 478.9 252.5 480 256 480c12.4 0 16-11.38 16-15.98V80.04c0-5.203-2.531-10.08-6.781-13.08C263.3 65.58 216.7 33.35 144.3 32.04zM557.4 61.29c-45.11-19.79-88.48-29.61-125.7-29.26c-72.44 1.312-118.1 33.55-120.9 34.92C306.5 69.96 304 74.83 304 80.04v383.1C304 468.4 307.5 480 320 480c3.484 0 6.938-1.125 9.781-3.328c3.925-3.018 97.44-73.16 223.8-14c10.46 4.896 22.45-3.105 22.45-14.65l.0001-357.6C575.1 77.97 568.8 66.31 557.4 61.29z\"><\/path><\/svg><\/div><div class=\"uagb-ifb-title-wrap\"><h3 class=\"uagb-ifb-title\">Historia o prop\u00f3sito<\/h3><\/div><p class=\"uagb-ifb-desc\">Smart Per\u00fa surge al identificar que muchas empresas presentan dificultades en la gesti\u00f3n de sus sistemas y procesos, lo que genera p\u00e9rdida de tiempo, errores y baja productividad.<br>Frente a esta realidad, nos enfocamos en brindar soluciones tecnol\u00f3gicas eficientes que permitan automatizar procesos, mejorar el control empresarial y garantizar el correcto funcionamiento de sus sistemas.<br>Nuestro prop\u00f3sito es ayudar a cada cliente a optimizar su negocio mediante el uso estrat\u00e9gico de la tecnolog\u00eda, convirti\u00e9ndonos en un aliado confiable en su crecimiento.<\/p><\/div><\/div>\n\n\n\n<div class=\"wp-block-columns is-layout-flex wp-container-core-columns-is-layout-28f84493 wp-block-columns-is-layout-flex\">\n<div class=\"wp-block-column is-layout-flow wp-block-column-is-layout-flow\" style=\"border-width:5px;border-top-left-radius:10px;border-top-right-radius:10px;border-bottom-left-radius:10px;border-bottom-right-radius:10px;padding-right:var(--wp--preset--spacing--80);padding-left:var(--wp--preset--spacing--80)\">\n<p class=\"has-text-align-center has-large-font-size\">MISI\u00d3N <\/p>\n\n\n\n<p class=\"has-text-align-center\">Ayudar a empresas y emprendedores a mejorar su productividad mediante soluciones tecnol\u00f3gicas inteligentes, automatizando procesos y reduciendo errores a trav\u00e9s de sistemas confiables y soporte profesional.<\/p>\n<\/div>\n\n\n\n<div class=\"wp-block-column is-layout-flow wp-block-column-is-layout-flow\" style=\"border-width:5px;border-top-left-radius:10px;border-top-right-radius:10px;border-bottom-left-radius:10px;border-bottom-right-radius:10px;padding-right:var(--wp--preset--spacing--80);padding-left:var(--wp--preset--spacing--80)\">\n<p class=\"has-text-align-center has-large-font-size\">VISI\u00d3N <\/p>\n\n\n\n<p class=\"has-text-align-center\">Convertirnos en un aliado estrat\u00e9gico en tecnolog\u00eda para empresas en Per\u00fa, liderando la implementaci\u00f3n de soluciones innovadoras que impulsen su crecimiento y competitividad.<\/p>\n<\/div>\n<\/div>\n\n\n\n<div class=\"wp-block-uagb-info-box uagb-block-3184fdb8 uagb-infobox__content-wrap  uagb-infobox-icon-above-title uagb-infobox-image-valign-top\"><div class=\"uagb-ifb-content\"><div class=\"uagb-ifb-icon-wrap\"><svg xmlns=\"https:\/\/www.w3.org\/2000\/svg\" viewBox=\"0 0 640 512\"><path d=\"M592 0h-384C181.5 0 160 22.25 160 49.63V96c23.42 0 45.1 6.781 63.1 17.81V64h352v288h-64V304c0-8.838-7.164-16-16-16h-96c-8.836 0-16 7.162-16 16V352H287.3c22.07 16.48 39.54 38.5 50.76 64h253.9C618.5 416 640 393.8 640 366.4V49.63C640 22.25 618.5 0 592 0zM160 320c53.02 0 96-42.98 96-96c0-53.02-42.98-96-96-96C106.1 128 64 170.1 64 224C64 277 106.1 320 160 320zM192 352H128c-70.69 0-128 57.31-128 128c0 17.67 14.33 32 32 32h256c17.67 0 32-14.33 32-32C320 409.3 262.7 352 192 352z\"><\/path><\/svg><\/div><div class=\"uagb-ifb-title-wrap\"><h3 class=\"uagb-ifb-title\">Sobre el especialista<\/h3><\/div><p class=\"uagb-ifb-desc\">Ingeniero de Sistemas y T\u00e9cnico en Computaci\u00f3n e Inform\u00e1tica, especializado en la implementaci\u00f3n de soluciones tecnol\u00f3gicas para empresas.<br>Cuento con experiencia en automatizaci\u00f3n de procesos, facturaci\u00f3n electr\u00f3nica y soporte TI, ayudando a negocios a reducir errores, optimizar sus operaciones y mejorar su productividad mediante el uso estrat\u00e9gico de la tecnolog\u00eda.<br>Brindo atenci\u00f3n personalizada y soluciones adaptadas a cada cliente, con un enfoque pr\u00e1ctico y orientado a resultados.<\/p><\/div><\/div>\n\n\n\n<div class=\"wp-block-uagb-info-box uagb-block-aff1a068 uagb-infobox__content-wrap  uagb-infobox-icon-above-title uagb-infobox-image-valign-top\"><div class=\"uagb-ifb-content\"><div class=\"uagb-ifb-icon-wrap\"><svg xmlns=\"https:\/\/www.w3.org\/2000\/svg\" viewBox=\"0 0 448 512\"><path d=\"M364.2 83.8C339.8 59.39 300.2 59.39 275.8 83.8L91.8 267.8C49.71 309.9 49.71 378.1 91.8 420.2C133.9 462.3 202.1 462.3 244.2 420.2L396.2 268.2C407.1 257.3 424.9 257.3 435.8 268.2C446.7 279.1 446.7 296.9 435.8 307.8L283.8 459.8C219.8 523.8 116.2 523.8 52.2 459.8C-11.75 395.8-11.75 292.2 52.2 228.2L236.2 44.2C282.5-2.08 357.5-2.08 403.8 44.2C450.1 90.48 450.1 165.5 403.8 211.8L227.8 387.8C199.2 416.4 152.8 416.4 124.2 387.8C95.59 359.2 95.59 312.8 124.2 284.2L268.2 140.2C279.1 129.3 296.9 129.3 307.8 140.2C318.7 151.1 318.7 168.9 307.8 179.8L163.8 323.8C157.1 330.5 157.1 341.5 163.8 348.2C170.5 354.9 181.5 354.9 188.2 348.2L364.2 172.2C388.6 147.8 388.6 108.2 364.2 83.8V83.8z\"><\/path><\/svg><\/div><div class=\"uagb-ifb-title-wrap\"><h3 class=\"uagb-ifb-title\">\u00bfPor qu\u00e9 elegirnos?<\/h3><\/div><p class=\"uagb-ifb-desc\">\u2714 Atenci\u00f3n directa con especialista<br>Recibe asesor\u00eda personalizada sin intermediarios.<br>\u2714 Soluciones a medida<br>Adaptamos cada implementaci\u00f3n seg\u00fan las necesidades de tu negocio.<br>\u2714 Enfoque en resultados<br>Nos orientamos a reducir errores, optimizar procesos y mejorar la eficiencia.<br>\u2714 Soporte continuo<br>Acompa\u00f1amiento t\u00e9cnico antes, durante y despu\u00e9s de la implementaci\u00f3n.<br>\u2714 Experiencia t\u00e9cnica profesional<br>Respaldo en ingenier\u00eda de sistemas y conocimientos actualizados en tecnolog\u00eda.<\/p><\/div><\/div>\n\n\n\n<div class=\"wp-block-uagb-info-box uagb-block-fa380e8d uagb-infobox__content-wrap  uagb-infobox-icon-above-title uagb-infobox-image-valign-top\"><div class=\"uagb-ifb-content\"><div class=\"uagb-ifb-icon-wrap\"><svg xmlns=\"https:\/\/www.w3.org\/2000\/svg\" viewBox=\"0 0 512 512\"><path d=\"M0 256C0 114.6 114.6 0 256 0C397.4 0 512 114.6 512 256C512 397.4 397.4 512 256 512C114.6 512 0 397.4 0 256zM371.8 211.8C382.7 200.9 382.7 183.1 371.8 172.2C360.9 161.3 343.1 161.3 332.2 172.2L224 280.4L179.8 236.2C168.9 225.3 151.1 225.3 140.2 236.2C129.3 247.1 129.3 264.9 140.2 275.8L204.2 339.8C215.1 350.7 232.9 350.7 243.8 339.8L371.8 211.8z\"><\/path><\/svg><\/div><div class=\"uagb-ifb-title-wrap\"><h3 class=\"uagb-ifb-title\">Valores<\/h3><\/div><p class=\"uagb-ifb-desc\">\u2714 Compromiso<br>Nos involucramos en cada proyecto con responsabilidad, asegurando resultados que aporten valor real al cliente.<br>\u2714 Innovaci\u00f3n<br>Aplicamos tecnolog\u00edas y soluciones actuales para optimizar procesos y mejorar la eficiencia empresarial.<br>\u2714 Calidad<br>Garantizamos servicios confiables, seguros y adaptados a las necesidades de cada negocio.<br>\u2714 Responsabilidad<br>Cumplimos con los tiempos establecidos y mantenemos una comunicaci\u00f3n clara durante todo el proceso.<br>\u2714 Orientaci\u00f3n a resultados<br>Nos enfocamos en soluciones que reduzcan errores, optimicen recursos y generen beneficios concretos.<br>\u2714 Soporte continuo<br>Brindamos acompa\u00f1amiento constante para asegurar el correcto funcionamiento de las soluciones implementadas.<\/p><\/div><\/div>\n\n\n\n<div class=\"wp-block-uagb-info-box uagb-block-b086a849 uagb-infobox__content-wrap  uagb-infobox-icon-above-title uagb-infobox-image-valign-top\"><div class=\"uagb-ifb-content\"><div class=\"uagb-ifb-icon-wrap\"><svg xmlns=\"https:\/\/www.w3.org\/2000\/svg\" viewBox=\"0 0 512 512\"><path d=\"M0 256C0 114.6 114.6 0 256 0C397.4 0 512 114.6 512 256C512 397.4 397.4 512 256 512C114.6 512 0 397.4 0 256zM371.8 211.8C382.7 200.9 382.7 183.1 371.8 172.2C360.9 161.3 343.1 161.3 332.2 172.2L224 280.4L179.8 236.2C168.9 225.3 151.1 225.3 140.2 236.2C129.3 247.1 129.3 264.9 140.2 275.8L204.2 339.8C215.1 350.7 232.9 350.7 243.8 339.8L371.8 211.8z\"><\/path><\/svg><\/div><div class=\"uagb-ifb-title-wrap\"><h3 class=\"uagb-ifb-title\">Optimiza la tecnolog\u00eda de tu empresa.<\/h3><\/div><p class=\"uagb-ifb-desc\">\u00bfNecesitas mejorar tus sistemas, automatizar procesos o implementar soluciones tecnol\u00f3gicas eficientes? Estamos listos para ayudarte.<br>Recibe una asesor\u00eda personalizada y descubre c\u00f3mo podemos optimizar el funcionamiento de tu negocio mediante soluciones confiables y adaptadas a tus necesidades.<\/p><\/div><\/div>\n\n\n\n<p><\/p>\n\n\n\n<div class=\"wp-block-uagb-buttons uagb-buttons__outer-wrap uagb-btn__default-btn uagb-btn-tablet__default-btn uagb-btn-mobile__default-btn uagb-block-6cdbf462\"><div class=\"uagb-buttons__wrap uagb-buttons-layout-wrap \">\n<div class=\"wp-block-uagb-buttons-child uagb-buttons__outer-wrap uagb-block-1c3025f8 wp-block-button\"><div class=\"uagb-button__wrapper\"><a class=\"uagb-buttons-repeater wp-block-button__link\" aria-label=\"\" href=\"#\" rel=\"follow noopener\" target=\"_self\" role=\"button\"><div class=\"uagb-button__link\">Solicitar asesor\u00eda gratuita<\/div><\/a><\/div><\/div>\n<\/div><\/div>\n\n\n\n<p><\/p>\n","protected":false},"excerpt":{"rendered":"<p>Somos especialistas en soluciones tecnol\u00f3gicas empresariales, enfocados en optimizar procesos mediante ingenier\u00eda de sistemas y soporte t\u00e9cnico profesional. MISI\u00d3N Ayudar a empresas y emprendedores a mejorar su productividad mediante soluciones tecnol\u00f3gicas inteligentes, automatizando procesos y reduciendo errores a trav\u00e9s de sistemas confiables y soporte profesional. VISI\u00d3N Convertirnos en un aliado estrat\u00e9gico en tecnolog\u00eda para empresas [&hellip;]<\/p>\n","protected":false},"author":1,"featured_media":126,"parent":0,"menu_order":0,"comment_status":"closed","ping_status":"closed","template":"","meta":{"_uag_custom_page_level_css":"","footnotes":""},"class_list":["post-167","page","type-page","status-publish","has-post-thumbnail","hentry"],"blocksy_meta":{"has_hero_section":"enabled","hero_section":"type-2","styles_descriptor":{"styles":{"desktop":"[data-prefix=\"single_page\"] .entry-header .page-title {--theme-font-size:30px;} [data-prefix=\"single_page\"] .entry-header .entry-meta {--theme-font-weight:600;--theme-text-transform:uppercase;--theme-font-size:12px;--theme-line-height:1.3;} [data-prefix=\"single_page\"] .hero-section[data-type=\"type-2\"] {--min-height:259px;background-color:var(--theme-palette-color-6);background-image:none;--container-padding:50px 0px;}","tablet":"","mobile":""},"google_fonts":[],"version":6},"hero_height":"259px"},"yoast_head":"<!-- This site is optimized with the Yoast SEO plugin v27.2 - https:\/\/yoast.com\/product\/yoast-seo-wordpress\/ -->\n<title>NOSOTROS - SOLUCIONES TECNOL\u00d3GICAS PARA EMPRESAS BASADAS EN INGENIER\u00cdA DE SISTEMAS<\/title>\n<meta name=\"description\" content=\"Soluciones tecnol\u00f3gicas empresariales, enfocadas en optimizar procesos mediante ingenier\u00eda de sistemas y soporte t\u00e9cnico profesional.\" \/>\n<meta name=\"robots\" content=\"noindex, follow, max-snippet:-1, max-image-preview:large, max-video-preview:-1\" \/>\n<meta property=\"og:locale\" content=\"en_US\" \/>\n<meta property=\"og:type\" content=\"article\" \/>\n<meta property=\"og:title\" content=\"NOSOTROS - SOLUCIONES TECNOL\u00d3GICAS PARA EMPRESAS BASADAS EN INGENIER\u00cdA DE SISTEMAS\" \/>\n<meta property=\"og:description\" content=\"Soluciones tecnol\u00f3gicas empresariales, enfocadas en optimizar procesos mediante ingenier\u00eda de sistemas y soporte t\u00e9cnico profesional.\" \/>\n<meta property=\"og:url\" content=\"https:\/\/smartsperu.com\/index.php\/nosotros\/\" \/>\n<meta property=\"og:site_name\" content=\"SOLUCIONES TECNOL\u00d3GICAS PARA EMPRESAS BASADAS EN INGENIER\u00cdA DE SISTEMAS\" \/>\n<meta property=\"article:publisher\" content=\"https:\/\/www.facebook.com\/smartsicuani\/\" \/>\n<meta property=\"article:modified_time\" content=\"2026-03-31T01:48:40+00:00\" \/>\n<meta property=\"og:image\" content=\"https:\/\/smartsperu.com\/wp-content\/uploads\/2026\/03\/4.png\" \/>\n\t<meta property=\"og:image:width\" content=\"1200\" \/>\n\t<meta property=\"og:image:height\" content=\"500\" \/>\n\t<meta property=\"og:image:type\" content=\"image\/png\" \/>\n<meta name=\"twitter:card\" content=\"summary_large_image\" \/>\n<meta name=\"twitter:label1\" content=\"Est. reading time\" \/>\n\t<meta name=\"twitter:data1\" content=\"3 minutes\" \/>\n<script type=\"application\/ld+json\" class=\"yoast-schema-graph\">{\"@context\":\"https:\/\/schema.org\",\"@graph\":[{\"@type\":\"WebPage\",\"@id\":\"https:\/\/smartsperu.com\/index.php\/nosotros\/\",\"url\":\"https:\/\/smartsperu.com\/index.php\/nosotros\/\",\"name\":\"NOSOTROS - SOLUCIONES TECNOL\u00d3GICAS PARA EMPRESAS BASADAS EN INGENIER\u00cdA DE SISTEMAS\",\"isPartOf\":{\"@id\":\"https:\/\/smartsperu.com\/#website\"},\"primaryImageOfPage\":{\"@id\":\"https:\/\/smartsperu.com\/index.php\/nosotros\/#primaryimage\"},\"image\":{\"@id\":\"https:\/\/smartsperu.com\/index.php\/nosotros\/#primaryimage\"},\"thumbnailUrl\":\"https:\/\/smartsperu.com\/wp-content\/uploads\/2026\/03\/4.png\",\"datePublished\":\"2026-03-29T04:34:39+00:00\",\"dateModified\":\"2026-03-31T01:48:40+00:00\",\"description\":\"Soluciones tecnol\u00f3gicas empresariales, enfocadas en optimizar procesos mediante ingenier\u00eda de sistemas y soporte t\u00e9cnico profesional.\",\"breadcrumb\":{\"@id\":\"https:\/\/smartsperu.com\/index.php\/nosotros\/#breadcrumb\"},\"inLanguage\":\"en-US\",\"potentialAction\":[{\"@type\":\"ReadAction\",\"target\":[\"https:\/\/smartsperu.com\/index.php\/nosotros\/\"]}]},{\"@type\":\"ImageObject\",\"inLanguage\":\"en-US\",\"@id\":\"https:\/\/smartsperu.com\/index.php\/nosotros\/#primaryimage\",\"url\":\"https:\/\/smartsperu.com\/wp-content\/uploads\/2026\/03\/4.png\",\"contentUrl\":\"https:\/\/smartsperu.com\/wp-content\/uploads\/2026\/03\/4.png\",\"width\":1200,\"height\":500},{\"@type\":\"BreadcrumbList\",\"@id\":\"https:\/\/smartsperu.com\/index.php\/nosotros\/#breadcrumb\",\"itemListElement\":[{\"@type\":\"ListItem\",\"position\":1,\"name\":\"Home\",\"item\":\"https:\/\/smartsperu.com\/\"},{\"@type\":\"ListItem\",\"position\":2,\"name\":\"NOSOTROS\"}]},{\"@type\":\"WebSite\",\"@id\":\"https:\/\/smartsperu.com\/#website\",\"url\":\"https:\/\/smartsperu.com\/\",\"name\":\"SMARTPERU 2026\",\"description\":\"Optimiza procesos, automatiza tu negocio y mejora tu productividad con soluciones tecnol\u00f3gicas profesionales.\",\"publisher\":{\"@id\":\"https:\/\/smartsperu.com\/#organization\"},\"potentialAction\":[{\"@type\":\"SearchAction\",\"target\":{\"@type\":\"EntryPoint\",\"urlTemplate\":\"https:\/\/smartsperu.com\/?s={search_term_string}\"},\"query-input\":{\"@type\":\"PropertyValueSpecification\",\"valueRequired\":true,\"valueName\":\"search_term_string\"}}],\"inLanguage\":\"en-US\"},{\"@type\":\"Organization\",\"@id\":\"https:\/\/smartsperu.com\/#organization\",\"name\":\"SMARTPERU 2026\",\"url\":\"https:\/\/smartsperu.com\/\",\"logo\":{\"@type\":\"ImageObject\",\"inLanguage\":\"en-US\",\"@id\":\"https:\/\/smartsperu.com\/#\/schema\/logo\/image\/\",\"url\":\"https:\/\/smartsperu.com\/wp-content\/uploads\/2026\/03\/Tu-traje-tu-historia-nuestro-bordado1.png\",\"contentUrl\":\"https:\/\/smartsperu.com\/wp-content\/uploads\/2026\/03\/Tu-traje-tu-historia-nuestro-bordado1.png\",\"width\":700,\"height\":300,\"caption\":\"SMARTPERU 2026\"},\"image\":{\"@id\":\"https:\/\/smartsperu.com\/#\/schema\/logo\/image\/\"},\"sameAs\":[\"https:\/\/www.facebook.com\/smartsicuani\/\"]}]}<\/script>\n<!-- \/ Yoast SEO plugin. -->","yoast_head_json":{"title":"NOSOTROS - SOLUCIONES TECNOL\u00d3GICAS PARA EMPRESAS BASADAS EN INGENIER\u00cdA DE SISTEMAS","description":"Soluciones tecnol\u00f3gicas empresariales, enfocadas en optimizar procesos mediante ingenier\u00eda de sistemas y soporte t\u00e9cnico profesional.","robots":{"index":"noindex","follow":"follow","max-snippet":"max-snippet:-1","max-image-preview":"max-image-preview:large","max-video-preview":"max-video-preview:-1"},"og_locale":"en_US","og_type":"article","og_title":"NOSOTROS - SOLUCIONES TECNOL\u00d3GICAS PARA EMPRESAS BASADAS EN INGENIER\u00cdA DE SISTEMAS","og_description":"Soluciones tecnol\u00f3gicas empresariales, enfocadas en optimizar procesos mediante ingenier\u00eda de sistemas y soporte t\u00e9cnico profesional.","og_url":"https:\/\/smartsperu.com\/index.php\/nosotros\/","og_site_name":"SOLUCIONES TECNOL\u00d3GICAS PARA EMPRESAS BASADAS EN INGENIER\u00cdA DE SISTEMAS","article_publisher":"https:\/\/www.facebook.com\/smartsicuani\/","article_modified_time":"2026-03-31T01:48:40+00:00","og_image":[{"width":1200,"height":500,"url":"https:\/\/smartsperu.com\/wp-content\/uploads\/2026\/03\/4.png","type":"image\/png"}],"twitter_card":"summary_large_image","twitter_misc":{"Est. reading time":"3 minutes"},"schema":{"@context":"https:\/\/schema.org","@graph":[{"@type":"WebPage","@id":"https:\/\/smartsperu.com\/index.php\/nosotros\/","url":"https:\/\/smartsperu.com\/index.php\/nosotros\/","name":"NOSOTROS - SOLUCIONES TECNOL\u00d3GICAS PARA EMPRESAS BASADAS EN INGENIER\u00cdA DE SISTEMAS","isPartOf":{"@id":"https:\/\/smartsperu.com\/#website"},"primaryImageOfPage":{"@id":"https:\/\/smartsperu.com\/index.php\/nosotros\/#primaryimage"},"image":{"@id":"https:\/\/smartsperu.com\/index.php\/nosotros\/#primaryimage"},"thumbnailUrl":"https:\/\/smartsperu.com\/wp-content\/uploads\/2026\/03\/4.png","datePublished":"2026-03-29T04:34:39+00:00","dateModified":"2026-03-31T01:48:40+00:00","description":"Soluciones tecnol\u00f3gicas empresariales, enfocadas en optimizar procesos mediante ingenier\u00eda de sistemas y soporte t\u00e9cnico profesional.","breadcrumb":{"@id":"https:\/\/smartsperu.com\/index.php\/nosotros\/#breadcrumb"},"inLanguage":"en-US","potentialAction":[{"@type":"ReadAction","target":["https:\/\/smartsperu.com\/index.php\/nosotros\/"]}]},{"@type":"ImageObject","inLanguage":"en-US","@id":"https:\/\/smartsperu.com\/index.php\/nosotros\/#primaryimage","url":"https:\/\/smartsperu.com\/wp-content\/uploads\/2026\/03\/4.png","contentUrl":"https:\/\/smartsperu.com\/wp-content\/uploads\/2026\/03\/4.png","width":1200,"height":500},{"@type":"BreadcrumbList","@id":"https:\/\/smartsperu.com\/index.php\/nosotros\/#breadcrumb","itemListElement":[{"@type":"ListItem","position":1,"name":"Home","item":"https:\/\/smartsperu.com\/"},{"@type":"ListItem","position":2,"name":"NOSOTROS"}]},{"@type":"WebSite","@id":"https:\/\/smartsperu.com\/#website","url":"https:\/\/smartsperu.com\/","name":"SMARTPERU 2026","description":"Optimiza procesos, automatiza tu negocio y mejora tu productividad con soluciones tecnol\u00f3gicas profesionales.","publisher":{"@id":"https:\/\/smartsperu.com\/#organization"},"potentialAction":[{"@type":"SearchAction","target":{"@type":"EntryPoint","urlTemplate":"https:\/\/smartsperu.com\/?s={search_term_string}"},"query-input":{"@type":"PropertyValueSpecification","valueRequired":true,"valueName":"search_term_string"}}],"inLanguage":"en-US"},{"@type":"Organization","@id":"https:\/\/smartsperu.com\/#organization","name":"SMARTPERU 2026","url":"https:\/\/smartsperu.com\/","logo":{"@type":"ImageObject","inLanguage":"en-US","@id":"https:\/\/smartsperu.com\/#\/schema\/logo\/image\/","url":"https:\/\/smartsperu.com\/wp-content\/uploads\/2026\/03\/Tu-traje-tu-historia-nuestro-bordado1.png","contentUrl":"https:\/\/smartsperu.com\/wp-content\/uploads\/2026\/03\/Tu-traje-tu-historia-nuestro-bordado1.png","width":700,"height":300,"caption":"SMARTPERU 2026"},"image":{"@id":"https:\/\/smartsperu.com\/#\/schema\/logo\/image\/"},"sameAs":["https:\/\/www.facebook.com\/smartsicuani\/"]}]}},"uagb_featured_image_src":{"full":["https:\/\/smartsperu.com\/wp-content\/uploads\/2026\/03\/4.png",1200,500,false],"thumbnail":["https:\/\/smartsperu.com\/wp-content\/uploads\/2026\/03\/4-150x150.png",150,150,true],"medium":["https:\/\/smartsperu.com\/wp-content\/uploads\/2026\/03\/4-300x125.png",300,125,true],"medium_large":["https:\/\/smartsperu.com\/wp-content\/uploads\/2026\/03\/4-768x320.png",768,320,true],"large":["https:\/\/smartsperu.com\/wp-content\/uploads\/2026\/03\/4-1024x427.png",1024,427,true],"1536x1536":["https:\/\/smartsperu.com\/wp-content\/uploads\/2026\/03\/4.png",1200,500,false],"2048x2048":["https:\/\/smartsperu.com\/wp-content\/uploads\/2026\/03\/4.png",1200,500,false]},"uagb_author_info":{"display_name":"SMARTPERU","author_link":"https:\/\/smartsperu.com\/index.php\/author\/smartperu\/"},"uagb_comment_info":0,"uagb_excerpt":"Somos especialistas en soluciones tecnol\u00f3gicas empresariales, enfocados en optimizar procesos mediante ingenier\u00eda de sistemas y soporte t\u00e9cnico profesional. MISI\u00d3N Ayudar a empresas y emprendedores a mejorar su productividad mediante soluciones tecnol\u00f3gicas inteligentes, automatizando procesos y reduciendo errores a trav\u00e9s de sistemas confiables y soporte profesional. VISI\u00d3N Convertirnos en un aliado estrat\u00e9gico en tecnolog\u00eda para empresas&hellip;","_links":{"self":[{"href":"https:\/\/smartsperu.com\/index.php\/wp-json\/wp\/v2\/pages\/167","targetHints":{"allow":["GET"]}}],"collection":[{"href":"https:\/\/smartsperu.com\/index.php\/wp-json\/wp\/v2\/pages"}],"about":[{"href":"https:\/\/smartsperu.com\/index.php\/wp-json\/wp\/v2\/types\/page"}],"author":[{"embeddable":true,"href":"https:\/\/smartsperu.com\/index.php\/wp-json\/wp\/v2\/users\/1"}],"replies":[{"embeddable":true,"href":"https:\/\/smartsperu.com\/index.php\/wp-json\/wp\/v2\/comments?post=167"}],"version-history":[{"count":9,"href":"https:\/\/smartsperu.com\/index.php\/wp-json\/wp\/v2\/pages\/167\/revisions"}],"predecessor-version":[{"id":248,"href":"https:\/\/smartsperu.com\/index.php\/wp-json\/wp\/v2\/pages\/167\/revisions\/248"}],"wp:featuredmedia":[{"embeddable":true,"href":"https:\/\/smartsperu.com\/index.php\/wp-json\/wp\/v2\/media\/126"}],"wp:attachment":[{"href":"https:\/\/smartsperu.com\/index.php\/wp-json\/wp\/v2\/media?parent=167"}],"curies":[{"name":"wp","href":"https:\/\/api.w.org\/{rel}","templated":true}]}}